{"id":4948,"date":"2021-04-06T16:43:23","date_gmt":"2021-04-06T16:43:23","guid":{"rendered":"https:\/\/office.autobiz.com\/ressources\/webinar\/"},"modified":"2021-09-20T14:55:02","modified_gmt":"2021-09-20T14:55:02","slug":"webinar","status":"publish","type":"page","link":"https:\/\/office.autobiz.com\/es\/webinar\/","title":{"rendered":"Webinar"},"content":{"rendered":"\t\t<div data-elementor-type=\"wp-page\" data-elementor-id=\"4948\" class=\"elementor elementor-4948 elementor-1297\" data-elementor-post-type=\"page\">\n\t\t\t\t\t\t<section class=\"elementor-section elementor-top-section elementor-element elementor-element-650a220 elementor-section-height-min-height elementor-section-items-stretch elementor-section-stretched elementor-section-boxed elementor-section-height-default\" data-id=\"650a220\" data-element_type=\"section\" data-e-type=\"section\" data-settings=\"{&quot;stretch_section&quot;:&quot;section-stretched&quot;,&quot;background_background&quot;:&quot;classic&quot;}\">\n\t\t\t\t\t\t<div class=\"elementor-container elementor-column-gap-default\">\n\t\t\t\t\t<div class=\"elementor-column elementor-col-50 elementor-top-column elementor-element elementor-element-bf92b5d\" data-id=\"bf92b5d\" data-element_type=\"column\" data-e-type=\"column\">\n\t\t\t<div class=\"elementor-widget-wrap elementor-element-populated\">\n\t\t\t\t\t\t<div class=\"elementor-element elementor-element-d26fd41 elementor-widget elementor-widget-breadcrumbs\" data-id=\"d26fd41\" data-element_type=\"widget\" data-e-type=\"widget\" data-widget_type=\"breadcrumbs.default\">\n\t\t\t\t<div class=\"elementor-widget-container\">\n\t\t\t\t\t<p id=\"breadcrumbs\"><span><span><a href=\"https:\/\/office.autobiz.com\/es\/\">Home<\/a><\/span><\/span><\/p>\t\t\t\t<\/div>\n\t\t\t\t<\/div>\n\t\t\t\t<div class=\"elementor-element elementor-element-f05e013 elementor-hidden-phone elementor-widget elementor-widget-spacer\" data-id=\"f05e013\" data-element_type=\"widget\" data-e-type=\"widget\" data-widget_type=\"spacer.default\">\n\t\t\t\t<div class=\"elementor-widget-container\">\n\t\t\t\t\t\t\t<div class=\"elementor-spacer\">\n\t\t\t<div class=\"elementor-spacer-inner\"><\/div>\n\t\t<\/div>\n\t\t\t\t\t\t<\/div>\n\t\t\t\t<\/div>\n\t\t\t\t<div class=\"elementor-element elementor-element-da41acb elementor-widget elementor-widget-heading\" data-id=\"da41acb\" data-element_type=\"widget\" data-e-type=\"widget\" data-widget_type=\"heading.default\">\n\t\t\t\t<div class=\"elementor-widget-container\">\n\t\t\t\t\t<h2 class=\"elementor-heading-title elementor-size-default\">D\u00e9couvrez nos Webinar<\/h2>\t\t\t\t<\/div>\n\t\t\t\t<\/div>\n\t\t\t\t<div class=\"elementor-element elementor-element-0f63699 elementor-widget elementor-widget-heading\" data-id=\"0f63699\" data-element_type=\"widget\" data-e-type=\"widget\" data-widget_type=\"heading.default\">\n\t\t\t\t<div class=\"elementor-widget-container\">\n\t\t\t\t\t<h2 class=\"elementor-heading-title elementor-size-default\">Rencontrez nous, o\u00f9 que <br> vous soyez\u00a0<\/h2>\t\t\t\t<\/div>\n\t\t\t\t<\/div>\n\t\t\t\t<section class=\"elementor-section elementor-inner-section elementor-element elementor-element-31bd2aa custom-button-direction elementor-section-boxed elementor-section-height-default elementor-section-height-default\" data-id=\"31bd2aa\" data-element_type=\"section\" data-e-type=\"section\">\n\t\t\t\t\t\t<div class=\"elementor-container elementor-column-gap-default\">\n\t\t\t\t\t<div class=\"elementor-column elementor-col-50 elementor-inner-column elementor-element elementor-element-671fc90\" data-id=\"671fc90\" data-element_type=\"column\" data-e-type=\"column\">\n\t\t\t<div class=\"elementor-widget-wrap elementor-element-populated\">\n\t\t\t\t\t\t<div class=\"elementor-element elementor-element-02233ea elementor-align-left elementor-mobile-align-justify elementor-widget elementor-widget-button\" data-id=\"02233ea\" data-element_type=\"widget\" data-e-type=\"widget\" data-widget_type=\"button.default\">\n\t\t\t\t<div class=\"elementor-widget-container\">\n\t\t\t\t\t\t\t\t\t<div class=\"elementor-button-wrapper\">\n\t\t\t\t\t<a class=\"elementor-button elementor-button-link elementor-size-lg\" href=\"https:\/\/office.autobiz.com\/demo\/\">\n\t\t\t\t\t\t<span class=\"elementor-button-content-wrapper\">\n\t\t\t\t\t\t\t\t\t<span class=\"elementor-button-text\">Trouvrez votre solution<\/span>\n\t\t\t\t\t<\/span>\n\t\t\t\t\t<\/a>\n\t\t\t\t<\/div>\n\t\t\t\t\t\t\t\t<\/div>\n\t\t\t\t<\/div>\n\t\t\t\t\t<\/div>\n\t\t<\/div>\n\t\t\t\t<div class=\"elementor-column elementor-col-50 elementor-inner-column elementor-element elementor-element-4ae2be5\" data-id=\"4ae2be5\" data-element_type=\"column\" data-e-type=\"column\">\n\t\t\t<div class=\"elementor-widget-wrap elementor-element-populated\">\n\t\t\t\t\t\t<div class=\"elementor-element elementor-element-e7badf5 elementor-align-left elementor-mobile-align-justify elementor-widget elementor-widget-button\" data-id=\"e7badf5\" data-element_type=\"widget\" data-e-type=\"widget\" data-widget_type=\"button.default\">\n\t\t\t\t<div class=\"elementor-widget-container\">\n\t\t\t\t\t\t\t\t\t<div class=\"elementor-button-wrapper\">\n\t\t\t\t\t<a class=\"elementor-button elementor-button-link elementor-size-lg\" href=\"https:\/\/office.autobiz.com\/contact\/\">\n\t\t\t\t\t\t<span class=\"elementor-button-content-wrapper\">\n\t\t\t\t\t\t\t\t\t<span class=\"elementor-button-text\">Contact<\/span>\n\t\t\t\t\t<\/span>\n\t\t\t\t\t<\/a>\n\t\t\t\t<\/div>\n\t\t\t\t\t\t\t\t<\/div>\n\t\t\t\t<\/div>\n\t\t\t\t\t<\/div>\n\t\t<\/div>\n\t\t\t\t\t<\/div>\n\t\t<\/section>\n\t\t\t\t\t<\/div>\n\t\t<\/div>\n\t\t\t\t<div class=\"elementor-column elementor-col-50 elementor-top-column elementor-element elementor-element-59e989e elementor-hidden-desktop elementor-hidden-tablet\" data-id=\"59e989e\" data-element_type=\"column\" data-e-type=\"column\" data-settings=\"{&quot;background_background&quot;:&quot;classic&quot;}\">\n\t\t\t<div class=\"elementor-widget-wrap\">\n\t\t\t\t\t\t\t<\/div>\n\t\t<\/div>\n\t\t\t\t\t<\/div>\n\t\t<\/section>\n\t\t\t\t<section class=\"elementor-section elementor-top-section elementor-element elementor-element-8a89ab2 elementor-section-boxed elementor-section-height-default elementor-section-height-default\" data-id=\"8a89ab2\" data-element_type=\"section\" data-e-type=\"section\">\n\t\t\t\t\t\t<div class=\"elementor-container elementor-column-gap-default\">\n\t\t\t\t\t<div class=\"elementor-column elementor-col-100 elementor-top-column elementor-element elementor-element-d5fc3d6\" data-id=\"d5fc3d6\" data-element_type=\"column\" data-e-type=\"column\">\n\t\t\t<div class=\"elementor-widget-wrap elementor-element-populated\">\n\t\t\t\t\t\t<div class=\"elementor-element elementor-element-c2b2f73 elementor-widget elementor-widget-heading\" data-id=\"c2b2f73\" data-element_type=\"widget\" data-e-type=\"widget\" data-widget_type=\"heading.default\">\n\t\t\t\t<div class=\"elementor-widget-container\">\n\t\t\t\t\t<h1 class=\"elementor-heading-title elementor-size-default\">Calendrier des Webinar en direct \u00e0 venir<\/h1>\t\t\t\t<\/div>\n\t\t\t\t<\/div>\n\t\t\t\t\t<\/div>\n\t\t<\/div>\n\t\t\t\t\t<\/div>\n\t\t<\/section>\n\t\t\t\t<section class=\"elementor-section elementor-top-section elementor-element elementor-element-71e4955 elementor-section-boxed elementor-section-height-default elementor-section-height-default\" data-id=\"71e4955\" data-element_type=\"section\" data-e-type=\"section\">\n\t\t\t\t\t\t<div class=\"elementor-container elementor-column-gap-default\">\n\t\t\t\t\t<div class=\"elementor-column elementor-col-100 elementor-top-column elementor-element elementor-element-34214c5\" data-id=\"34214c5\" data-element_type=\"column\" data-e-type=\"column\">\n\t\t\t<div class=\"elementor-widget-wrap elementor-element-populated\">\n\t\t\t\t\t\t<div class=\"elementor-element elementor-element-d2bc8b0 elementor-widget elementor-widget-spacer\" data-id=\"d2bc8b0\" data-element_type=\"widget\" data-e-type=\"widget\" data-widget_type=\"spacer.default\">\n\t\t\t\t<div class=\"elementor-widget-container\">\n\t\t\t\t\t\t\t<div class=\"elementor-spacer\">\n\t\t\t<div class=\"elementor-spacer-inner\"><\/div>\n\t\t<\/div>\n\t\t\t\t\t\t<\/div>\n\t\t\t\t<\/div>\n\t\t\t\t\t<\/div>\n\t\t<\/div>\n\t\t\t\t\t<\/div>\n\t\t<\/section>\n\t\t\t\t<\/div>\n\t\t","protected":false},"excerpt":{"rendered":"<p>D\u00e9couvrez nos Webinar Rencontrez nous, o\u00f9 que vous soyez Trouvrez votre solution Contact Calendrier des Webinar en direct \u00e0 venir Filtrez par cat\u00e9gorie Filtrez par cat\u00e9gorieTousWebinar pass\u00e9sWebinars \u00e0 venir Sed nunc arcu, molestie eget&#8230;Jeudi 20 Mars 2021Sed hendrerit efficitur justo, eget semper velit fermentum nec\u2026S&#8217;inscrire Vestibulum tincidunt eros lectusmercredi 10 avril 2021Nulla malesuada volutpat arcu [&hellip;]<\/p>\n","protected":false},"author":10,"featured_media":0,"parent":0,"menu_order":0,"comment_status":"closed","ping_status":"closed","template":"","meta":{"_acf_changed":false,"footnotes":""},"class_list":["post-4948","page","type-page","status-publish","hentry"],"acf":[],"yoast_head":"<!-- This site is optimized with the Yoast SEO plugin v26.8 - https:\/\/yoast.com\/product\/yoast-seo-wordpress\/ -->\n<title>Webinar - autobizOffice<\/title>\n<meta name=\"robots\" content=\"index, follow, max-snippet:-1, max-image-preview:large, max-video-preview:-1\" \/>\n<link rel=\"canonical\" href=\"https:\/\/office.autobiz.com\/es\/webinar\/\" \/>\n<meta property=\"og:locale\" content=\"es_ES\" \/>\n<meta property=\"og:type\" content=\"article\" \/>\n<meta property=\"og:title\" content=\"Webinar - autobizOffice\" \/>\n<meta property=\"og:description\" content=\"D\u00e9couvrez nos Webinar Rencontrez nous, o\u00f9 que vous soyez Trouvrez votre solution Contact Calendrier des Webinar en direct \u00e0 venir Filtrez par cat\u00e9gorie Filtrez par cat\u00e9gorieTousWebinar pass\u00e9sWebinars \u00e0 venir Sed nunc arcu, molestie eget&#8230;Jeudi 20 Mars 2021Sed hendrerit efficitur justo, eget semper velit fermentum nec\u2026S&#8217;inscrire Vestibulum tincidunt eros lectusmercredi 10 avril 2021Nulla malesuada volutpat arcu [&hellip;]\" \/>\n<meta property=\"og:url\" content=\"https:\/\/office.autobiz.com\/es\/webinar\/\" \/>\n<meta property=\"og:site_name\" content=\"autobizOffice\" \/>\n<meta property=\"article:modified_time\" content=\"2021-09-20T14:55:02+00:00\" \/>\n<meta property=\"og:image\" content=\"https:\/\/office.autobiz.com\/wp-content\/uploads\/2021\/04\/a5b1d6d3721f902c871a2b5ca0909c04.jpg\" \/>\n<meta name=\"twitter:card\" content=\"summary_large_image\" \/>\n<meta name=\"twitter:label1\" content=\"Tiempo de lectura\" \/>\n\t<meta name=\"twitter:data1\" content=\"1 minuto\" \/>\n<script type=\"application\/ld+json\" class=\"yoast-schema-graph\">{\"@context\":\"https:\/\/schema.org\",\"@graph\":[{\"@type\":\"WebPage\",\"@id\":\"https:\/\/office.autobiz.com\/es\/webinar\/\",\"url\":\"https:\/\/office.autobiz.com\/es\/webinar\/\",\"name\":\"Webinar - autobizOffice\",\"isPartOf\":{\"@id\":\"https:\/\/office.autobiz.com\/es\/#website\"},\"primaryImageOfPage\":{\"@id\":\"https:\/\/office.autobiz.com\/es\/webinar\/#primaryimage\"},\"image\":{\"@id\":\"https:\/\/office.autobiz.com\/es\/webinar\/#primaryimage\"},\"thumbnailUrl\":\"https:\/\/office.autobiz.com\/wp-content\/uploads\/2021\/04\/a5b1d6d3721f902c871a2b5ca0909c04.jpg\",\"datePublished\":\"2021-04-06T16:43:23+00:00\",\"dateModified\":\"2021-09-20T14:55:02+00:00\",\"breadcrumb\":{\"@id\":\"https:\/\/office.autobiz.com\/es\/webinar\/#breadcrumb\"},\"inLanguage\":\"es\",\"potentialAction\":[{\"@type\":\"ReadAction\",\"target\":[\"https:\/\/office.autobiz.com\/es\/webinar\/\"]}]},{\"@type\":\"ImageObject\",\"inLanguage\":\"es\",\"@id\":\"https:\/\/office.autobiz.com\/es\/webinar\/#primaryimage\",\"url\":\"https:\/\/office.autobiz.com\/wp-content\/uploads\/2021\/04\/a5b1d6d3721f902c871a2b5ca0909c04.jpg\",\"contentUrl\":\"https:\/\/office.autobiz.com\/wp-content\/uploads\/2021\/04\/a5b1d6d3721f902c871a2b5ca0909c04.jpg\"},{\"@type\":\"BreadcrumbList\",\"@id\":\"https:\/\/office.autobiz.com\/es\/webinar\/#breadcrumb\",\"itemListElement\":[{\"@type\":\"ListItem\",\"position\":1,\"name\":\"Home\",\"item\":\"https:\/\/office.autobiz.com\/es\/\"},{\"@type\":\"ListItem\",\"position\":2,\"name\":\"Webinar\"}]},{\"@type\":\"WebSite\",\"@id\":\"https:\/\/office.autobiz.com\/es\/#website\",\"url\":\"https:\/\/office.autobiz.com\/es\/\",\"name\":\"autobizOffice\",\"description\":\"\",\"publisher\":{\"@id\":\"https:\/\/office.autobiz.com\/es\/#organization\"},\"potentialAction\":[{\"@type\":\"SearchAction\",\"target\":{\"@type\":\"EntryPoint\",\"urlTemplate\":\"https:\/\/office.autobiz.com\/es\/?s={search_term_string}\"},\"query-input\":{\"@type\":\"PropertyValueSpecification\",\"valueRequired\":true,\"valueName\":\"search_term_string\"}}],\"inLanguage\":\"es\"},{\"@type\":\"Organization\",\"@id\":\"https:\/\/office.autobiz.com\/es\/#organization\",\"name\":\"autobizOffice\",\"url\":\"https:\/\/office.autobiz.com\/es\/\",\"logo\":{\"@type\":\"ImageObject\",\"inLanguage\":\"es\",\"@id\":\"https:\/\/office.autobiz.com\/es\/#\/schema\/logo\/image\/\",\"url\":\"https:\/\/office.autobiz.com\/wp-content\/uploads\/2021\/03\/Logo-final3-02.svg\",\"contentUrl\":\"https:\/\/office.autobiz.com\/wp-content\/uploads\/2021\/03\/Logo-final3-02.svg\",\"width\":1,\"height\":1,\"caption\":\"autobizOffice\"},\"image\":{\"@id\":\"https:\/\/office.autobiz.com\/es\/#\/schema\/logo\/image\/\"},\"sameAs\":[\"https:\/\/www.linkedin.com\/company\/autobiz-france\/\"]}]}<\/script>\n<!-- \/ Yoast SEO plugin. -->","yoast_head_json":{"title":"Webinar - autobizOffice","robots":{"index":"index","follow":"follow","max-snippet":"max-snippet:-1","max-image-preview":"max-image-preview:large","max-video-preview":"max-video-preview:-1"},"canonical":"https:\/\/office.autobiz.com\/es\/webinar\/","og_locale":"es_ES","og_type":"article","og_title":"Webinar - autobizOffice","og_description":"D\u00e9couvrez nos Webinar Rencontrez nous, o\u00f9 que vous soyez Trouvrez votre solution Contact Calendrier des Webinar en direct \u00e0 venir Filtrez par cat\u00e9gorie Filtrez par cat\u00e9gorieTousWebinar pass\u00e9sWebinars \u00e0 venir Sed nunc arcu, molestie eget&#8230;Jeudi 20 Mars 2021Sed hendrerit efficitur justo, eget semper velit fermentum nec\u2026S&#8217;inscrire Vestibulum tincidunt eros lectusmercredi 10 avril 2021Nulla malesuada volutpat arcu [&hellip;]","og_url":"https:\/\/office.autobiz.com\/es\/webinar\/","og_site_name":"autobizOffice","article_modified_time":"2021-09-20T14:55:02+00:00","og_image":[{"url":"https:\/\/office.autobiz.com\/wp-content\/uploads\/2021\/04\/a5b1d6d3721f902c871a2b5ca0909c04.jpg","type":"","width":"","height":""}],"twitter_card":"summary_large_image","twitter_misc":{"Tiempo de lectura":"1 minuto"},"schema":{"@context":"https:\/\/schema.org","@graph":[{"@type":"WebPage","@id":"https:\/\/office.autobiz.com\/es\/webinar\/","url":"https:\/\/office.autobiz.com\/es\/webinar\/","name":"Webinar - autobizOffice","isPartOf":{"@id":"https:\/\/office.autobiz.com\/es\/#website"},"primaryImageOfPage":{"@id":"https:\/\/office.autobiz.com\/es\/webinar\/#primaryimage"},"image":{"@id":"https:\/\/office.autobiz.com\/es\/webinar\/#primaryimage"},"thumbnailUrl":"https:\/\/office.autobiz.com\/wp-content\/uploads\/2021\/04\/a5b1d6d3721f902c871a2b5ca0909c04.jpg","datePublished":"2021-04-06T16:43:23+00:00","dateModified":"2021-09-20T14:55:02+00:00","breadcrumb":{"@id":"https:\/\/office.autobiz.com\/es\/webinar\/#breadcrumb"},"inLanguage":"es","potentialAction":[{"@type":"ReadAction","target":["https:\/\/office.autobiz.com\/es\/webinar\/"]}]},{"@type":"ImageObject","inLanguage":"es","@id":"https:\/\/office.autobiz.com\/es\/webinar\/#primaryimage","url":"https:\/\/office.autobiz.com\/wp-content\/uploads\/2021\/04\/a5b1d6d3721f902c871a2b5ca0909c04.jpg","contentUrl":"https:\/\/office.autobiz.com\/wp-content\/uploads\/2021\/04\/a5b1d6d3721f902c871a2b5ca0909c04.jpg"},{"@type":"BreadcrumbList","@id":"https:\/\/office.autobiz.com\/es\/webinar\/#breadcrumb","itemListElement":[{"@type":"ListItem","position":1,"name":"Home","item":"https:\/\/office.autobiz.com\/es\/"},{"@type":"ListItem","position":2,"name":"Webinar"}]},{"@type":"WebSite","@id":"https:\/\/office.autobiz.com\/es\/#website","url":"https:\/\/office.autobiz.com\/es\/","name":"autobizOffice","description":"","publisher":{"@id":"https:\/\/office.autobiz.com\/es\/#organization"},"potentialAction":[{"@type":"SearchAction","target":{"@type":"EntryPoint","urlTemplate":"https:\/\/office.autobiz.com\/es\/?s={search_term_string}"},"query-input":{"@type":"PropertyValueSpecification","valueRequired":true,"valueName":"search_term_string"}}],"inLanguage":"es"},{"@type":"Organization","@id":"https:\/\/office.autobiz.com\/es\/#organization","name":"autobizOffice","url":"https:\/\/office.autobiz.com\/es\/","logo":{"@type":"ImageObject","inLanguage":"es","@id":"https:\/\/office.autobiz.com\/es\/#\/schema\/logo\/image\/","url":"https:\/\/office.autobiz.com\/wp-content\/uploads\/2021\/03\/Logo-final3-02.svg","contentUrl":"https:\/\/office.autobiz.com\/wp-content\/uploads\/2021\/03\/Logo-final3-02.svg","width":1,"height":1,"caption":"autobizOffice"},"image":{"@id":"https:\/\/office.autobiz.com\/es\/#\/schema\/logo\/image\/"},"sameAs":["https:\/\/www.linkedin.com\/company\/autobiz-france\/"]}]}},"_links":{"self":[{"href":"https:\/\/office.autobiz.com\/es\/wp-json\/wp\/v2\/pages\/4948","targetHints":{"allow":["GET"]}}],"collection":[{"href":"https:\/\/office.autobiz.com\/es\/wp-json\/wp\/v2\/pages"}],"about":[{"href":"https:\/\/office.autobiz.com\/es\/wp-json\/wp\/v2\/types\/page"}],"author":[{"embeddable":true,"href":"https:\/\/office.autobiz.com\/es\/wp-json\/wp\/v2\/users\/10"}],"replies":[{"embeddable":true,"href":"https:\/\/office.autobiz.com\/es\/wp-json\/wp\/v2\/comments?post=4948"}],"version-history":[{"count":0,"href":"https:\/\/office.autobiz.com\/es\/wp-json\/wp\/v2\/pages\/4948\/revisions"}],"wp:attachment":[{"href":"https:\/\/office.autobiz.com\/es\/wp-json\/wp\/v2\/media?parent=4948"}],"curies":[{"name":"wp","href":"https:\/\/api.w.org\/{rel}","templated":true}]}}