{"id":4946,"date":"2021-04-06T16:43:23","date_gmt":"2021-04-06T16:43:23","guid":{"rendered":"https:\/\/office.autobiz.com\/ressources\/webinar\/"},"modified":"2024-05-11T08:11:28","modified_gmt":"2024-05-11T08:11:28","slug":"webinar","status":"publish","type":"page","link":"https:\/\/office.autobiz.com\/pt-pt\/webinar\/","title":{"rendered":"Webinar"},"content":{"rendered":"\t\t<div data-elementor-type=\"wp-page\" data-elementor-id=\"4946\" class=\"elementor elementor-4946 elementor-1297\" data-elementor-post-type=\"page\">\n\t\t\t\t\t\t<section class=\"elementor-section elementor-top-section elementor-element elementor-element-650a220 elementor-section-height-min-height elementor-section-items-stretch elementor-section-stretched elementor-section-boxed elementor-section-height-default\" data-id=\"650a220\" data-element_type=\"section\" data-e-type=\"section\" data-settings=\"{&quot;stretch_section&quot;:&quot;section-stretched&quot;,&quot;background_background&quot;:&quot;classic&quot;}\">\n\t\t\t\t\t\t<div class=\"elementor-container elementor-column-gap-default\">\n\t\t\t\t\t<div class=\"elementor-column elementor-col-50 elementor-top-column elementor-element elementor-element-bf92b5d\" data-id=\"bf92b5d\" data-element_type=\"column\" data-e-type=\"column\">\n\t\t\t<div class=\"elementor-widget-wrap elementor-element-populated\">\n\t\t\t\t\t\t<div class=\"elementor-element elementor-element-d26fd41 elementor-widget elementor-widget-breadcrumbs\" data-id=\"d26fd41\" data-element_type=\"widget\" data-e-type=\"widget\" data-widget_type=\"breadcrumbs.default\">\n\t\t\t\t<div class=\"elementor-widget-container\">\n\t\t\t\t\t<p id=\"breadcrumbs\"><span><span><a href=\"https:\/\/office.autobiz.com\/pt-pt\/\">Home<\/a><\/span><\/span><\/p>\t\t\t\t<\/div>\n\t\t\t\t<\/div>\n\t\t\t\t<div class=\"elementor-element elementor-element-f05e013 elementor-hidden-phone elementor-widget elementor-widget-spacer\" data-id=\"f05e013\" data-element_type=\"widget\" data-e-type=\"widget\" data-widget_type=\"spacer.default\">\n\t\t\t\t<div class=\"elementor-widget-container\">\n\t\t\t\t\t\t\t<div class=\"elementor-spacer\">\n\t\t\t<div class=\"elementor-spacer-inner\"><\/div>\n\t\t<\/div>\n\t\t\t\t\t\t<\/div>\n\t\t\t\t<\/div>\n\t\t\t\t<div class=\"elementor-element elementor-element-da41acb elementor-widget elementor-widget-heading\" data-id=\"da41acb\" data-element_type=\"widget\" data-e-type=\"widget\" data-widget_type=\"heading.default\">\n\t\t\t\t<div class=\"elementor-widget-container\">\n\t\t\t\t\t<h2 class=\"elementor-heading-title elementor-size-default\">D\u00e9couvrez nos webinars<\/h2>\t\t\t\t<\/div>\n\t\t\t\t<\/div>\n\t\t\t\t<div class=\"elementor-element elementor-element-0f63699 elementor-widget elementor-widget-heading\" data-id=\"0f63699\" data-element_type=\"widget\" data-e-type=\"widget\" data-widget_type=\"heading.default\">\n\t\t\t\t<div class=\"elementor-widget-container\">\n\t\t\t\t\t<h2 class=\"elementor-heading-title elementor-size-default\">Nos rendez-vous incontournables pour optimiser votre activit\u00e9 VO, avec et pour les pros de la distribution automobile<\/h2>\t\t\t\t<\/div>\n\t\t\t\t<\/div>\n\t\t\t\t<section class=\"elementor-section elementor-inner-section elementor-element elementor-element-31bd2aa custom-button-direction elementor-section-boxed elementor-section-height-default elementor-section-height-default\" data-id=\"31bd2aa\" data-element_type=\"section\" data-e-type=\"section\">\n\t\t\t\t\t\t<div class=\"elementor-container elementor-column-gap-default\">\n\t\t\t\t\t<div class=\"elementor-column elementor-col-50 elementor-inner-column elementor-element elementor-element-671fc90\" data-id=\"671fc90\" data-element_type=\"column\" data-e-type=\"column\">\n\t\t\t<div class=\"elementor-widget-wrap elementor-element-populated\">\n\t\t\t\t\t\t<div class=\"elementor-element elementor-element-02233ea elementor-align-left elementor-mobile-align-justify elementor-widget elementor-widget-button\" data-id=\"02233ea\" data-element_type=\"widget\" data-e-type=\"widget\" data-widget_type=\"button.default\">\n\t\t\t\t<div class=\"elementor-widget-container\">\n\t\t\t\t\t\t\t\t\t<div class=\"elementor-button-wrapper\">\n\t\t\t\t\t<a class=\"elementor-button elementor-button-link elementor-size-lg\" href=\"https:\/\/office.autobiz.com\/demo\/\">\n\t\t\t\t\t\t<span class=\"elementor-button-content-wrapper\">\n\t\t\t\t\t\t\t\t\t<span class=\"elementor-button-text\">Trouvez votre solution<\/span>\n\t\t\t\t\t<\/span>\n\t\t\t\t\t<\/a>\n\t\t\t\t<\/div>\n\t\t\t\t\t\t\t\t<\/div>\n\t\t\t\t<\/div>\n\t\t\t\t\t<\/div>\n\t\t<\/div>\n\t\t\t\t<div class=\"elementor-column elementor-col-50 elementor-inner-column elementor-element elementor-element-4ae2be5\" data-id=\"4ae2be5\" data-element_type=\"column\" data-e-type=\"column\">\n\t\t\t<div class=\"elementor-widget-wrap elementor-element-populated\">\n\t\t\t\t\t\t<div class=\"elementor-element elementor-element-e7badf5 elementor-align-left elementor-mobile-align-justify elementor-widget elementor-widget-button\" data-id=\"e7badf5\" data-element_type=\"widget\" data-e-type=\"widget\" data-widget_type=\"button.default\">\n\t\t\t\t<div class=\"elementor-widget-container\">\n\t\t\t\t\t\t\t\t\t<div class=\"elementor-button-wrapper\">\n\t\t\t\t\t<a class=\"elementor-button elementor-button-link elementor-size-lg\" href=\"https:\/\/office.autobiz.com\/contact\/\">\n\t\t\t\t\t\t<span class=\"elementor-button-content-wrapper\">\n\t\t\t\t\t\t\t\t\t<span class=\"elementor-button-text\">Contact<\/span>\n\t\t\t\t\t<\/span>\n\t\t\t\t\t<\/a>\n\t\t\t\t<\/div>\n\t\t\t\t\t\t\t\t<\/div>\n\t\t\t\t<\/div>\n\t\t\t\t\t<\/div>\n\t\t<\/div>\n\t\t\t\t\t<\/div>\n\t\t<\/section>\n\t\t\t\t\t<\/div>\n\t\t<\/div>\n\t\t\t\t<div class=\"elementor-column elementor-col-50 elementor-top-column elementor-element elementor-element-59e989e elementor-hidden-desktop elementor-hidden-tablet\" data-id=\"59e989e\" data-element_type=\"column\" data-e-type=\"column\" data-settings=\"{&quot;background_background&quot;:&quot;classic&quot;}\">\n\t\t\t<div class=\"elementor-widget-wrap\">\n\t\t\t\t\t\t\t<\/div>\n\t\t<\/div>\n\t\t\t\t\t<\/div>\n\t\t<\/section>\n\t\t\t\t<section class=\"elementor-section elementor-top-section elementor-element elementor-element-8a89ab2 elementor-section-boxed elementor-section-height-default elementor-section-height-default\" data-id=\"8a89ab2\" data-element_type=\"section\" data-e-type=\"section\">\n\t\t\t\t\t\t<div class=\"elementor-container elementor-column-gap-default\">\n\t\t\t\t\t<div class=\"elementor-column elementor-col-100 elementor-top-column elementor-element elementor-element-d5fc3d6\" data-id=\"d5fc3d6\" data-element_type=\"column\" data-e-type=\"column\">\n\t\t\t<div class=\"elementor-widget-wrap elementor-element-populated\">\n\t\t\t\t\t\t<div class=\"elementor-element elementor-element-c2b2f73 elementor-widget elementor-widget-heading\" data-id=\"c2b2f73\" data-element_type=\"widget\" data-e-type=\"widget\" data-widget_type=\"heading.default\">\n\t\t\t\t<div class=\"elementor-widget-container\">\n\t\t\t\t\t<h1 class=\"elementor-heading-title elementor-size-default\">Tous nos webinars \u00e0 venir et pass\u00e9s<\/h1>\t\t\t\t<\/div>\n\t\t\t\t<\/div>\n\t\t\t\t\t<\/div>\n\t\t<\/div>\n\t\t\t\t\t<\/div>\n\t\t<\/section>\n\t\t\t\t<section class=\"elementor-section elementor-top-section elementor-element elementor-element-33ec77d elementor-section-boxed elementor-section-height-default elementor-section-height-default\" data-id=\"33ec77d\" data-element_type=\"section\" data-e-type=\"section\">\n\t\t\t\t\t\t<div class=\"elementor-container elementor-column-gap-default\">\n\t\t\t\t\t<div class=\"elementor-column elementor-col-100 elementor-top-column elementor-element elementor-element-8b45a86\" data-id=\"8b45a86\" data-element_type=\"column\" data-e-type=\"column\">\n\t\t\t<div class=\"elementor-widget-wrap elementor-element-populated\">\n\t\t\t\t\t\t<div class=\"elementor-element elementor-element-b7671b8 elementor-widget elementor-widget-lae-portfolio\" data-id=\"b7671b8\" data-element_type=\"widget\" data-e-type=\"widget\" data-settings=\"{&quot;per_line&quot;:&quot;3&quot;,&quot;per_line_tablet&quot;:&quot;2&quot;,&quot;per_line_mobile&quot;:&quot;1&quot;}\" data-widget_type=\"lae-portfolio.default\">\n\t\t\t\t<div class=\"elementor-widget-container\">\n\t\t\t\t\t<div id=\"lae-block-uid-69dec279bd56f\" class=\"lae-container lae-block lae-block-grid lae-block-grid-1 lae-gapless-grid lae-block-header-expanded lae-block-header-6 grid-1 lae-block-uid-69dec279bd56f\"  data-block-uid='lae-block-uid-69dec279bd56f' data-action='lae_load_posts_block' data-query='{\"orderby\":\"date\",\"order\":\"DESC\",\"ignore_sticky_posts\":1,\"post_status\":\"publish\",\"posts_per_page\":6,\"offset\":0,\"post_type\":[\"webinar\"],\"tax_query\":{\"relation\":\"OR\",\"0\":{\"taxonomy\":\"webinars\",\"field\":\"slug\",\"terms\":\"webinars\"}},\"paged\":1}' data-settings='{\"block_class\":\"grid-1\",\"heading\":\"\",\"heading_url\":{\"url\":\"\",\"is_external\":\"true\",\"nofollow\":\"\",\"custom_attributes\":\"\"},\"taxonomy_chosen\":\"category\",\"header_template\":\"block_header_6\",\"block_type\":\"block_grid_1\",\"grid_skin\":\"classic_skin\",\"item_template\":\"\",\"grid_template\":\"\",\"display_title_on_thumbnail\":false,\"display_taxonomy_on_thumbnail\":false,\"display_title\":true,\"display_summary\":true,\"rich_text_excerpt\":false,\"display_excerpt_lightbox\":false,\"display_read_more\":true,\"read_more_text\":\"En savoir plus\",\"display_author\":false,\"display_post_date\":false,\"display_comments\":false,\"display_taxonomy\":false,\"display_product_quick_view\":true,\"display_product_price\":true,\"display_add_to_cart_button\":true,\"display_wish_list_button\":true,\"display_product_rating\":true,\"thumbnail_size_size\":\"large\",\"thumbnail_size_custom_dimension\":[],\"filterable\":false,\"layout_mode\":\"fitRows\",\"per_line\":3,\"per_line_tablet\":2,\"per_line_mobile\":1,\"per_line1\":2,\"per_line2\":4,\"per_line2_tablet\":2,\"per_line2_mobile\":1,\"image_linkable\":true,\"post_link_new_window\":false,\"excerpt_length\":25,\"enable_lightbox\":false,\"pagination\":\"paged\",\"show_remaining\":true,\"heading_tag\":\"h3\",\"title_tag\":\"h3\",\"entry_title_tag\":\"h3\",\"taxonomies\":[\"webinars\"]}' data-taxonomies='[\"webinars\"]' data-total='2' data-current='1' data-maxpages='1' data-filter-term='' data-filter-taxonomy=''><div class=\"lae-block-inner lae-grid-container  lae-grid-desktop-3 lae-grid-tablet-2 lae-grid-mobile-1\"><div class=\"lae-block-column  term-126 term-124 lae-grid-item\">\n        <article\n                class=\"lae-module-11 lae-module post-33936 webinar type-webinar status-publish has-post-thumbnail hentry webinars-proximos-webinarios webinars-seminarios-on-line\">\n\n            \n                <div class=\"lae-module-image\">\n\n                    <a class=\"lae-post-link\" href=\"https:\/\/office.autobiz.com\/pt-pt\/webinar\/solucoes-digitais-para-o-seu-negocio-vu\/\"><img fetchpriority=\"high\" decoding=\"async\" width=\"800\" height=\"450\" src=\"https:\/\/office.autobiz.com\/wp-content\/uploads\/2024\/07\/webinar-miguel-santos-24-julho-2024-1024x576.jpg\" class=\"lae-image skip-lazy no-lazyload exclude-me a3-notlazy attachment-large size-large\" alt=\"webinar-miguel-santos-24-julho-2024\" title=\"Descubra como, combinados com a nossa experi\u00eancia em dados, os nossos produtos lhe permitem aumentar significativamente a rentabilidade da sua empresa.\" data-no-lazy=\"1\" loading=\"eager\" srcset=\"https:\/\/office.autobiz.com\/wp-content\/uploads\/2024\/07\/webinar-miguel-santos-24-julho-2024-1024x576.jpg 1024w, https:\/\/office.autobiz.com\/wp-content\/uploads\/2024\/07\/webinar-miguel-santos-24-julho-2024-300x169.jpg 300w, https:\/\/office.autobiz.com\/wp-content\/uploads\/2024\/07\/webinar-miguel-santos-24-julho-2024-768x432.jpg 768w, https:\/\/office.autobiz.com\/wp-content\/uploads\/2024\/07\/webinar-miguel-santos-24-julho-2024-1536x864.jpg 1536w, https:\/\/office.autobiz.com\/wp-content\/uploads\/2024\/07\/webinar-miguel-santos-24-julho-2024.jpg 1600w\" sizes=\"(max-width: 800px) 100vw, 800px\" \/><\/a>\n                    \n                    <div class=\"lae-module-image-info\">\n\n                        <div class=\"lae-module-entry-info\">\n\n                            \n                            \n                        <\/div>\n\n                    <\/div>\n\n                <\/div>\n\n            \n            <div class=\"lae-module-entry-text\">\n\n                <h3 class=\"entry-title\"><a href=\"https:\/\/office.autobiz.com\/pt-pt\/webinar\/solucoes-digitais-para-o-seu-negocio-vu\/\" title=\"Soluc\u00f5es digitais para o seu neg\u00f3cio VU\" rel=\"bookmark\">Soluc\u00f5es digitais para o seu neg\u00f3cio VU<\/a><\/h3>\n                <div class=\"lae-module-meta\">\n                                                                            <\/div>\n\n                <div class=\"lae-excerpt\">\n                    <div class=\"entry-summary\">Inscreva-se agora<\/div><!-- .entry-summary -->                <\/div>\n\n                <div class=\"lae-read-more\"><a href=\"https:\/\/office.autobiz.com\/pt-pt\/webinar\/solucoes-digitais-para-o-seu-negocio-vu\/\">En savoir plus<\/a><\/div>\n            <\/div>\n\n        <\/article><!-- .hentry -->\n\n        <\/div><div class=\"lae-block-column  term-126 term-124 lae-grid-item\">\n        <article\n                class=\"lae-module-11 lae-module post-32974 webinar type-webinar status-publish has-post-thumbnail hentry webinars-proximos-webinarios webinars-seminarios-on-line\">\n\n            \n                <div class=\"lae-module-image\">\n\n                    <a class=\"lae-post-link\" href=\"https:\/\/office.autobiz.com\/pt-pt\/webinar\/como-obter-potenciais-clientes-digitalizacao-do-processo-de-recompra\/\"><img decoding=\"async\" width=\"800\" height=\"450\" src=\"https:\/\/office.autobiz.com\/wp-content\/uploads\/2024\/05\/webinar-12-06-24-autobiz-portugal-1024x576.jpg\" class=\"lae-image skip-lazy no-lazyload exclude-me a3-notlazy attachment-large size-large\" alt=\"webinar-12-06-24-autobiz-portugal\" title=\"Como obter potenciais clientes + Digitaliza\u00e7\u00e3o do processo de recompra\" data-no-lazy=\"1\" loading=\"eager\" srcset=\"https:\/\/office.autobiz.com\/wp-content\/uploads\/2024\/05\/webinar-12-06-24-autobiz-portugal-1024x576.jpg 1024w, https:\/\/office.autobiz.com\/wp-content\/uploads\/2024\/05\/webinar-12-06-24-autobiz-portugal-300x169.jpg 300w, https:\/\/office.autobiz.com\/wp-content\/uploads\/2024\/05\/webinar-12-06-24-autobiz-portugal-768x432.jpg 768w, https:\/\/office.autobiz.com\/wp-content\/uploads\/2024\/05\/webinar-12-06-24-autobiz-portugal-1536x864.jpg 1536w, https:\/\/office.autobiz.com\/wp-content\/uploads\/2024\/05\/webinar-12-06-24-autobiz-portugal.jpg 1600w\" sizes=\"(max-width: 800px) 100vw, 800px\" \/><\/a>\n                    \n                    <div class=\"lae-module-image-info\">\n\n                        <div class=\"lae-module-entry-info\">\n\n                            \n                            \n                        <\/div>\n\n                    <\/div>\n\n                <\/div>\n\n            \n            <div class=\"lae-module-entry-text\">\n\n                <h3 class=\"entry-title\"><a href=\"https:\/\/office.autobiz.com\/pt-pt\/webinar\/como-obter-potenciais-clientes-digitalizacao-do-processo-de-recompra\/\" title=\"Como obter potenciais clientes + Digitaliza\u00e7\u00e3o do processo de recompra\" rel=\"bookmark\">Como obter potenciais clientes + Digitaliza\u00e7\u00e3o do processo de recompra<\/a><\/h3>\n                <div class=\"lae-module-meta\">\n                                                                            <\/div>\n\n                <div class=\"lae-excerpt\">\n                    <div class=\"entry-summary\">Inscreva-se agora<\/div><!-- .entry-summary -->                <\/div>\n\n                <div class=\"lae-read-more\"><a href=\"https:\/\/office.autobiz.com\/pt-pt\/webinar\/como-obter-potenciais-clientes-digitalizacao-do-processo-de-recompra\/\">En savoir plus<\/a><\/div>\n            <\/div>\n\n        <\/article><!-- .hentry -->\n\n        <\/div><\/div><!-- .block-inner --><\/div><!-- .block -->\t\t\t\t<\/div>\n\t\t\t\t<\/div>\n\t\t\t\t\t<\/div>\n\t\t<\/div>\n\t\t\t\t\t<\/div>\n\t\t<\/section>\n\t\t\t\t<\/div>\n\t\t","protected":false},"excerpt":{"rendered":"<p>D\u00e9couvrez nos webinars Nos rendez-vous incontournables pour optimiser votre activit\u00e9 VO, avec et pour les pros de la distribution automobile Trouvez votre solution Contact Tous nos webinars \u00e0 venir et pass\u00e9s Am\u00e9liorez efficacement la rotation de votre stock VO Agenda : 1\ufe0f\u20e3 Lecture du march\u00e9 et de l\u2019environnement VO 2\ufe0f\u20e3 Les cons\u00e9quences d\u2019une mauvaise rotation [&hellip;]<\/p>\n","protected":false},"author":10,"featured_media":0,"parent":0,"menu_order":0,"comment_status":"closed","ping_status":"closed","template":"","meta":{"_acf_changed":false,"footnotes":""},"class_list":["post-4946","page","type-page","status-publish","hentry"],"acf":[],"yoast_head":"<!-- This site is optimized with the Yoast SEO plugin v26.8 - https:\/\/yoast.com\/product\/yoast-seo-wordpress\/ -->\n<title>Webinar - autobizOffice<\/title>\n<meta name=\"description\" content=\"Nos rendez-vous incontournables pour optimiser votre activit\u00e9 VO, avec et pour les pros de la distribution automobile\" \/>\n<meta name=\"robots\" content=\"index, follow, max-snippet:-1, max-image-preview:large, max-video-preview:-1\" \/>\n<link rel=\"canonical\" href=\"https:\/\/office.autobiz.com\/pt-pt\/webinar\/\" \/>\n<meta property=\"og:locale\" content=\"pt_PT\" \/>\n<meta property=\"og:type\" content=\"article\" \/>\n<meta property=\"og:title\" content=\"Webinar - autobizOffice\" \/>\n<meta property=\"og:description\" content=\"Nos rendez-vous incontournables pour optimiser votre activit\u00e9 VO, avec et pour les pros de la distribution automobile\" \/>\n<meta property=\"og:url\" content=\"https:\/\/office.autobiz.com\/pt-pt\/webinar\/\" \/>\n<meta property=\"og:site_name\" content=\"autobizOffice\" \/>\n<meta property=\"article:modified_time\" content=\"2024-05-11T08:11:28+00:00\" \/>\n<meta property=\"og:image\" content=\"https:\/\/office.autobiz.com\/wp-content\/uploads\/2023\/02\/Photo-Stock-Vo.jpg\" \/>\n<meta name=\"twitter:card\" content=\"summary_large_image\" \/>\n<meta name=\"twitter:label1\" content=\"Tempo estimado de leitura\" \/>\n\t<meta name=\"twitter:data1\" content=\"1 minuto\" \/>\n<script type=\"application\/ld+json\" class=\"yoast-schema-graph\">{\"@context\":\"https:\/\/schema.org\",\"@graph\":[{\"@type\":\"WebPage\",\"@id\":\"https:\/\/office.autobiz.com\/pt-pt\/webinar\/\",\"url\":\"https:\/\/office.autobiz.com\/pt-pt\/webinar\/\",\"name\":\"Webinar - autobizOffice\",\"isPartOf\":{\"@id\":\"https:\/\/office.autobiz.com\/pt-pt\/#website\"},\"primaryImageOfPage\":{\"@id\":\"https:\/\/office.autobiz.com\/pt-pt\/webinar\/#primaryimage\"},\"image\":{\"@id\":\"https:\/\/office.autobiz.com\/pt-pt\/webinar\/#primaryimage\"},\"thumbnailUrl\":\"https:\/\/office.autobiz.com\/wp-content\/uploads\/2023\/02\/Photo-Stock-Vo.jpg\",\"datePublished\":\"2021-04-06T16:43:23+00:00\",\"dateModified\":\"2024-05-11T08:11:28+00:00\",\"description\":\"Nos rendez-vous incontournables pour optimiser votre activit\u00e9 VO, avec et pour les pros de la distribution automobile\",\"breadcrumb\":{\"@id\":\"https:\/\/office.autobiz.com\/pt-pt\/webinar\/#breadcrumb\"},\"inLanguage\":\"pt-PT\",\"potentialAction\":[{\"@type\":\"ReadAction\",\"target\":[\"https:\/\/office.autobiz.com\/pt-pt\/webinar\/\"]}]},{\"@type\":\"ImageObject\",\"inLanguage\":\"pt-PT\",\"@id\":\"https:\/\/office.autobiz.com\/pt-pt\/webinar\/#primaryimage\",\"url\":\"https:\/\/office.autobiz.com\/wp-content\/uploads\/2023\/02\/Photo-Stock-Vo.jpg\",\"contentUrl\":\"https:\/\/office.autobiz.com\/wp-content\/uploads\/2023\/02\/Photo-Stock-Vo.jpg\"},{\"@type\":\"BreadcrumbList\",\"@id\":\"https:\/\/office.autobiz.com\/pt-pt\/webinar\/#breadcrumb\",\"itemListElement\":[{\"@type\":\"ListItem\",\"position\":1,\"name\":\"Home\",\"item\":\"https:\/\/office.autobiz.com\/pt-pt\/\"},{\"@type\":\"ListItem\",\"position\":2,\"name\":\"Webinar\"}]},{\"@type\":\"WebSite\",\"@id\":\"https:\/\/office.autobiz.com\/pt-pt\/#website\",\"url\":\"https:\/\/office.autobiz.com\/pt-pt\/\",\"name\":\"autobizOffice\",\"description\":\"\",\"publisher\":{\"@id\":\"https:\/\/office.autobiz.com\/pt-pt\/#organization\"},\"potentialAction\":[{\"@type\":\"SearchAction\",\"target\":{\"@type\":\"EntryPoint\",\"urlTemplate\":\"https:\/\/office.autobiz.com\/pt-pt\/?s={search_term_string}\"},\"query-input\":{\"@type\":\"PropertyValueSpecification\",\"valueRequired\":true,\"valueName\":\"search_term_string\"}}],\"inLanguage\":\"pt-PT\"},{\"@type\":\"Organization\",\"@id\":\"https:\/\/office.autobiz.com\/pt-pt\/#organization\",\"name\":\"autobizOffice\",\"url\":\"https:\/\/office.autobiz.com\/pt-pt\/\",\"logo\":{\"@type\":\"ImageObject\",\"inLanguage\":\"pt-PT\",\"@id\":\"https:\/\/office.autobiz.com\/pt-pt\/#\/schema\/logo\/image\/\",\"url\":\"https:\/\/office.autobiz.com\/wp-content\/uploads\/2021\/03\/Logo-final3-02.svg\",\"contentUrl\":\"https:\/\/office.autobiz.com\/wp-content\/uploads\/2021\/03\/Logo-final3-02.svg\",\"width\":1,\"height\":1,\"caption\":\"autobizOffice\"},\"image\":{\"@id\":\"https:\/\/office.autobiz.com\/pt-pt\/#\/schema\/logo\/image\/\"},\"sameAs\":[\"https:\/\/www.linkedin.com\/company\/autobiz-france\/\"]}]}<\/script>\n<!-- \/ Yoast SEO plugin. -->","yoast_head_json":{"title":"Webinar - autobizOffice","description":"Nos rendez-vous incontournables pour optimiser votre activit\u00e9 VO, avec et pour les pros de la distribution automobile","robots":{"index":"index","follow":"follow","max-snippet":"max-snippet:-1","max-image-preview":"max-image-preview:large","max-video-preview":"max-video-preview:-1"},"canonical":"https:\/\/office.autobiz.com\/pt-pt\/webinar\/","og_locale":"pt_PT","og_type":"article","og_title":"Webinar - autobizOffice","og_description":"Nos rendez-vous incontournables pour optimiser votre activit\u00e9 VO, avec et pour les pros de la distribution automobile","og_url":"https:\/\/office.autobiz.com\/pt-pt\/webinar\/","og_site_name":"autobizOffice","article_modified_time":"2024-05-11T08:11:28+00:00","og_image":[{"url":"https:\/\/office.autobiz.com\/wp-content\/uploads\/2023\/02\/Photo-Stock-Vo.jpg","type":"","width":"","height":""}],"twitter_card":"summary_large_image","twitter_misc":{"Tempo estimado de leitura":"1 minuto"},"schema":{"@context":"https:\/\/schema.org","@graph":[{"@type":"WebPage","@id":"https:\/\/office.autobiz.com\/pt-pt\/webinar\/","url":"https:\/\/office.autobiz.com\/pt-pt\/webinar\/","name":"Webinar - autobizOffice","isPartOf":{"@id":"https:\/\/office.autobiz.com\/pt-pt\/#website"},"primaryImageOfPage":{"@id":"https:\/\/office.autobiz.com\/pt-pt\/webinar\/#primaryimage"},"image":{"@id":"https:\/\/office.autobiz.com\/pt-pt\/webinar\/#primaryimage"},"thumbnailUrl":"https:\/\/office.autobiz.com\/wp-content\/uploads\/2023\/02\/Photo-Stock-Vo.jpg","datePublished":"2021-04-06T16:43:23+00:00","dateModified":"2024-05-11T08:11:28+00:00","description":"Nos rendez-vous incontournables pour optimiser votre activit\u00e9 VO, avec et pour les pros de la distribution automobile","breadcrumb":{"@id":"https:\/\/office.autobiz.com\/pt-pt\/webinar\/#breadcrumb"},"inLanguage":"pt-PT","potentialAction":[{"@type":"ReadAction","target":["https:\/\/office.autobiz.com\/pt-pt\/webinar\/"]}]},{"@type":"ImageObject","inLanguage":"pt-PT","@id":"https:\/\/office.autobiz.com\/pt-pt\/webinar\/#primaryimage","url":"https:\/\/office.autobiz.com\/wp-content\/uploads\/2023\/02\/Photo-Stock-Vo.jpg","contentUrl":"https:\/\/office.autobiz.com\/wp-content\/uploads\/2023\/02\/Photo-Stock-Vo.jpg"},{"@type":"BreadcrumbList","@id":"https:\/\/office.autobiz.com\/pt-pt\/webinar\/#breadcrumb","itemListElement":[{"@type":"ListItem","position":1,"name":"Home","item":"https:\/\/office.autobiz.com\/pt-pt\/"},{"@type":"ListItem","position":2,"name":"Webinar"}]},{"@type":"WebSite","@id":"https:\/\/office.autobiz.com\/pt-pt\/#website","url":"https:\/\/office.autobiz.com\/pt-pt\/","name":"autobizOffice","description":"","publisher":{"@id":"https:\/\/office.autobiz.com\/pt-pt\/#organization"},"potentialAction":[{"@type":"SearchAction","target":{"@type":"EntryPoint","urlTemplate":"https:\/\/office.autobiz.com\/pt-pt\/?s={search_term_string}"},"query-input":{"@type":"PropertyValueSpecification","valueRequired":true,"valueName":"search_term_string"}}],"inLanguage":"pt-PT"},{"@type":"Organization","@id":"https:\/\/office.autobiz.com\/pt-pt\/#organization","name":"autobizOffice","url":"https:\/\/office.autobiz.com\/pt-pt\/","logo":{"@type":"ImageObject","inLanguage":"pt-PT","@id":"https:\/\/office.autobiz.com\/pt-pt\/#\/schema\/logo\/image\/","url":"https:\/\/office.autobiz.com\/wp-content\/uploads\/2021\/03\/Logo-final3-02.svg","contentUrl":"https:\/\/office.autobiz.com\/wp-content\/uploads\/2021\/03\/Logo-final3-02.svg","width":1,"height":1,"caption":"autobizOffice"},"image":{"@id":"https:\/\/office.autobiz.com\/pt-pt\/#\/schema\/logo\/image\/"},"sameAs":["https:\/\/www.linkedin.com\/company\/autobiz-france\/"]}]}},"_links":{"self":[{"href":"https:\/\/office.autobiz.com\/pt-pt\/wp-json\/wp\/v2\/pages\/4946","targetHints":{"allow":["GET"]}}],"collection":[{"href":"https:\/\/office.autobiz.com\/pt-pt\/wp-json\/wp\/v2\/pages"}],"about":[{"href":"https:\/\/office.autobiz.com\/pt-pt\/wp-json\/wp\/v2\/types\/page"}],"author":[{"embeddable":true,"href":"https:\/\/office.autobiz.com\/pt-pt\/wp-json\/wp\/v2\/users\/10"}],"replies":[{"embeddable":true,"href":"https:\/\/office.autobiz.com\/pt-pt\/wp-json\/wp\/v2\/comments?post=4946"}],"version-history":[{"count":4,"href":"https:\/\/office.autobiz.com\/pt-pt\/wp-json\/wp\/v2\/pages\/4946\/revisions"}],"predecessor-version":[{"id":33015,"href":"https:\/\/office.autobiz.com\/pt-pt\/wp-json\/wp\/v2\/pages\/4946\/revisions\/33015"}],"wp:attachment":[{"href":"https:\/\/office.autobiz.com\/pt-pt\/wp-json\/wp\/v2\/media?parent=4946"}],"curies":[{"name":"wp","href":"https:\/\/api.w.org\/{rel}","templated":true}]}}